{"id":10,"date":"2020-12-07T09:43:51","date_gmt":"2020-12-07T08:43:51","guid":{"rendered":"http:\/\/dronesetoceans.com\/?page_id=10"},"modified":"2020-12-10T12:17:10","modified_gmt":"2020-12-10T11:17:10","slug":"notre-philosophie","status":"publish","type":"page","link":"https:\/\/dronesetoceans.com\/","title":{"rendered":"Notre objectif"},"content":{"rendered":"\t\t<div data-elementor-type=\"wp-page\" data-elementor-id=\"10\" class=\"elementor elementor-10\">\n\t\t\t\t\t\t\t\t\t<section class=\"elementor-section elementor-top-section elementor-element elementor-element-5f804b5 elementor-section-boxed elementor-section-height-default elementor-section-height-default\" data-id=\"5f804b5\" data-element_type=\"section\">\n\t\t\t\t\t\t<div class=\"elementor-container elementor-column-gap-default\">\n\t\t\t\t\t<div class=\"elementor-column elementor-col-100 elementor-top-column elementor-element elementor-element-f3d0646\" data-id=\"f3d0646\" data-element_type=\"column\">\n\t\t\t<div class=\"elementor-widget-wrap elementor-element-populated\">\n\t\t\t\t\t\t\t\t<div class=\"elementor-element elementor-element-4295aec elementor-widget elementor-widget-heading\" data-id=\"4295aec\" data-element_type=\"widget\" data-widget_type=\"heading.default\">\n\t\t\t\t<div class=\"elementor-widget-container\">\n\t\t\t<h2 class=\"elementor-heading-title elementor-size-default\">Valorisation d'un terroir maritime<\/h2>\t\t<\/div>\n\t\t\t\t<\/div>\n\t\t\t\t\t<\/div>\n\t\t<\/div>\n\t\t\t\t\t\t\t<\/div>\n\t\t<\/section>\n\t\t\t\t<section class=\"elementor-section elementor-top-section elementor-element elementor-element-0dc3bbf elementor-section-boxed elementor-section-height-default elementor-section-height-default\" data-id=\"0dc3bbf\" data-element_type=\"section\">\n\t\t\t\t\t\t<div class=\"elementor-container elementor-column-gap-default\">\n\t\t\t\t\t<div class=\"elementor-column elementor-col-100 elementor-top-column elementor-element elementor-element-7daf9fc\" data-id=\"7daf9fc\" data-element_type=\"column\">\n\t\t\t<div class=\"elementor-widget-wrap\">\n\t\t\t\t\t\t\t\t\t<\/div>\n\t\t<\/div>\n\t\t\t\t\t\t\t<\/div>\n\t\t<\/section>\n\t\t\t\t<section class=\"elementor-section elementor-top-section elementor-element elementor-element-0b9aee0 elementor-section-boxed elementor-section-height-default elementor-section-height-default\" data-id=\"0b9aee0\" data-element_type=\"section\">\n\t\t\t\t\t\t<div class=\"elementor-container elementor-column-gap-default\">\n\t\t\t\t\t<div class=\"elementor-column elementor-col-100 elementor-top-column elementor-element elementor-element-1f2aa25\" data-id=\"1f2aa25\" data-element_type=\"column\">\n\t\t\t<div class=\"elementor-widget-wrap elementor-element-populated\">\n\t\t\t\t\t\t\t\t<div class=\"elementor-element elementor-element-0ffa1c3 elementor-widget elementor-widget-image\" data-id=\"0ffa1c3\" data-element_type=\"widget\" data-widget_type=\"image.default\">\n\t\t\t\t<div class=\"elementor-widget-container\">\n\t\t\t\t\t\t\t\t\t\t\t\t<figure class=\"wp-caption\">\n\t\t\t\t\t\t\t\t\t\t<img fetchpriority=\"high\" decoding=\"async\" width=\"768\" height=\"576\" src=\"https:\/\/dronesetoceans.com\/wp-content\/uploads\/2020\/12\/26aout-14-032-768x576.jpg\" class=\"attachment-medium_large size-medium_large wp-image-12\" alt=\"Rivage de Bretagne\" srcset=\"https:\/\/dronesetoceans.com\/wp-content\/uploads\/2020\/12\/26aout-14-032-768x576.jpg 768w, https:\/\/dronesetoceans.com\/wp-content\/uploads\/2020\/12\/26aout-14-032-600x450.jpg 600w, https:\/\/dronesetoceans.com\/wp-content\/uploads\/2020\/12\/26aout-14-032-300x225.jpg 300w, https:\/\/dronesetoceans.com\/wp-content\/uploads\/2020\/12\/26aout-14-032-1024x768.jpg 1024w, https:\/\/dronesetoceans.com\/wp-content\/uploads\/2020\/12\/26aout-14-032-1536x1152.jpg 1536w, https:\/\/dronesetoceans.com\/wp-content\/uploads\/2020\/12\/26aout-14-032-2048x1536.jpg 2048w\" sizes=\"(max-width: 768px) 100vw, 768px\" \/>\t\t\t\t\t\t\t\t\t\t\t<figcaption class=\"widget-image-caption wp-caption-text\">Rivage de Bretagne<\/figcaption>\n\t\t\t\t\t\t\t\t\t\t<\/figure>\n\t\t\t\t\t\t\t\t\t<\/div>\n\t\t\t\t<\/div>\n\t\t\t\t\t<\/div>\n\t\t<\/div>\n\t\t\t\t\t\t\t<\/div>\n\t\t<\/section>\n\t\t\t\t<section class=\"elementor-section elementor-top-section elementor-element elementor-element-51f60cf elementor-section-boxed elementor-section-height-default elementor-section-height-default\" data-id=\"51f60cf\" data-element_type=\"section\">\n\t\t\t\t\t\t<div class=\"elementor-container elementor-column-gap-default\">\n\t\t\t\t\t<div class=\"elementor-column elementor-col-100 elementor-top-column elementor-element elementor-element-18d830b\" data-id=\"18d830b\" data-element_type=\"column\">\n\t\t\t<div class=\"elementor-widget-wrap\">\n\t\t\t\t\t\t\t\t\t<\/div>\n\t\t<\/div>\n\t\t\t\t\t\t\t<\/div>\n\t\t<\/section>\n\t\t\t\t<section class=\"elementor-section elementor-top-section elementor-element elementor-element-7e0cb77 elementor-section-boxed elementor-section-height-default elementor-section-height-default\" data-id=\"7e0cb77\" data-element_type=\"section\">\n\t\t\t\t\t\t<div class=\"elementor-container elementor-column-gap-default\">\n\t\t\t\t\t<div class=\"elementor-column elementor-col-100 elementor-top-column elementor-element elementor-element-bd0acb1\" data-id=\"bd0acb1\" data-element_type=\"column\">\n\t\t\t<div class=\"elementor-widget-wrap elementor-element-populated\">\n\t\t\t\t\t\t\t\t<div class=\"elementor-element elementor-element-8122c68 elementor-widget elementor-widget-text-editor\" data-id=\"8122c68\" data-element_type=\"widget\" data-widget_type=\"text-editor.default\">\n\t\t\t\t<div class=\"elementor-widget-container\">\n\t\t\t\t\t\t\t<p style=\"text-align: left;\">L&#8217;objectif de notre d\u00e9marche est la pr\u00e9servation et la valorisation durable des \u2018terroirs maritimes\u2019, pour y bien vivre ensemble.<\/p><p>Nous avons identifi\u00e9 deux enjeux\u00a0:<\/p><ul><li>La r\u00e9duction des vuln\u00e9rabilit\u00e9s environnementale, \u00e9conomique et sociale de ces terroirs maritimes.<\/li><li>L\u2019\u00e9mergence au sein des communaut\u00e9s implant\u00e9es sur ces terroirs marimes, d\u2019un projet partag\u00e9 de d\u00e9veloppement, qui transcende les int\u00e9r\u00eats particuliers, parfois divergents, des diff\u00e9rents acteurs impliqu\u00e9s.<\/li><\/ul><p style=\"text-align: left;\">Pour adresser ces enjeux, il est n\u00e9cessaire d&#8217;am\u00e9liorer le dispositif de surveillance actuel, pour appr\u00e9hender de mani\u00e8re plus fine et mieux partag\u00e9e,\u00a0 l&#8217;\u00e9tat du milieu et l\u2019impact des ph\u00e9nom\u00e8nes transitoires comme une temp\u00eate, des pluies diluviennes, une pollution\u2026<\/p><p style=\"text-align: center;\">Le drone marin, c\u2019est, pour nous, un bon moyen pour aller chercher les donn\u00e9es pertinentes dans le milieu, en vue de poser \u00e0 temps un diagnostic, borner un risque, analyser un impr\u00e9vu ou d\u00e9montrer un aspect m\u00e9connu la richesse du \u2018terroir marime\u2019.<\/p>\t\t\t\t\t\t<\/div>\n\t\t\t\t<\/div>\n\t\t\t\t\t<\/div>\n\t\t<\/div>\n\t\t\t\t\t\t\t<\/div>\n\t\t<\/section>\n\t\t\t\t\t\t\t<\/div>\n\t\t","protected":false},"excerpt":{"rendered":"<p>Valorisation d&#8217;un terroir maritime Rivage de Bretagne L&#8217;objectif de notre d\u00e9marche est la pr\u00e9servation et la valorisation durable des \u2018terroirs maritimes\u2019, pour y bien vivre ensemble. Nous avons identifi\u00e9 deux enjeux&nbsp;: La r\u00e9duction des vuln\u00e9rabilit\u00e9s environnementale, \u00e9conomique et sociale de ces terroirs maritimes. L\u2019\u00e9mergence au sein des communaut\u00e9s implant\u00e9es sur ces terroirs marimes, d\u2019un projet [&hellip;]<\/p>\n","protected":false},"author":1,"featured_media":0,"parent":0,"menu_order":0,"comment_status":"closed","ping_status":"closed","template":"","meta":{"ocean_post_layout":"","ocean_both_sidebars_style":"","ocean_both_sidebars_content_width":0,"ocean_both_sidebars_sidebars_width":0,"ocean_sidebar":"0","ocean_second_sidebar":"0","ocean_disable_margins":"enable","ocean_add_body_class":"","ocean_shortcode_before_top_bar":"","ocean_shortcode_after_top_bar":"","ocean_shortcode_before_header":"","ocean_shortcode_after_header":"","ocean_has_shortcode":"","ocean_shortcode_after_title":"","ocean_shortcode_before_footer_widgets":"","ocean_shortcode_after_footer_widgets":"","ocean_shortcode_before_footer_bottom":"","ocean_shortcode_after_footer_bottom":"","ocean_display_top_bar":"default","ocean_display_header":"default","ocean_header_style":"","ocean_center_header_left_menu":"0","ocean_custom_header_template":"0","ocean_custom_logo":0,"ocean_custom_retina_logo":0,"ocean_custom_logo_max_width":0,"ocean_custom_logo_tablet_max_width":0,"ocean_custom_logo_mobile_max_width":0,"ocean_custom_logo_max_height":0,"ocean_custom_logo_tablet_max_height":0,"ocean_custom_logo_mobile_max_height":0,"ocean_header_custom_menu":"0","ocean_menu_typo_font_family":"0","ocean_menu_typo_font_subset":"","ocean_menu_typo_font_size":0,"ocean_menu_typo_font_size_tablet":0,"ocean_menu_typo_font_size_mobile":0,"ocean_menu_typo_font_size_unit":"px","ocean_menu_typo_font_weight":"","ocean_menu_typo_font_weight_tablet":"","ocean_menu_typo_font_weight_mobile":"","ocean_menu_typo_transform":"","ocean_menu_typo_transform_tablet":"","ocean_menu_typo_transform_mobile":"","ocean_menu_typo_line_height":0,"ocean_menu_typo_line_height_tablet":0,"ocean_menu_typo_line_height_mobile":0,"ocean_menu_typo_line_height_unit":"","ocean_menu_typo_spacing":0,"ocean_menu_typo_spacing_tablet":0,"ocean_menu_typo_spacing_mobile":0,"ocean_menu_typo_spacing_unit":"","ocean_menu_link_color":"","ocean_menu_link_color_hover":"","ocean_menu_link_color_active":"","ocean_menu_link_background":"","ocean_menu_link_hover_background":"","ocean_menu_link_active_background":"","ocean_menu_social_links_bg":"","ocean_menu_social_hover_links_bg":"","ocean_menu_social_links_color":"","ocean_menu_social_hover_links_color":"","ocean_disable_title":"default","ocean_disable_heading":"default","ocean_post_title":"","ocean_post_subheading":"","ocean_post_title_style":"","ocean_post_title_background_color":"","ocean_post_title_background":0,"ocean_post_title_bg_image_position":"","ocean_post_title_bg_image_attachment":"","ocean_post_title_bg_image_repeat":"","ocean_post_title_bg_image_size":"","ocean_post_title_height":0,"ocean_post_title_bg_overlay":0.5,"ocean_post_title_bg_overlay_color":"","ocean_disable_breadcrumbs":"default","ocean_breadcrumbs_color":"","ocean_breadcrumbs_separator_color":"","ocean_breadcrumbs_links_color":"","ocean_breadcrumbs_links_hover_color":"","ocean_display_footer_widgets":"default","ocean_display_footer_bottom":"default","ocean_custom_footer_template":"0","footnotes":""},"class_list":["post-10","page","type-page","status-publish","hentry","entry"],"jetpack_sharing_enabled":true,"_links":{"self":[{"href":"https:\/\/dronesetoceans.com\/index.php\/wp-json\/wp\/v2\/pages\/10","targetHints":{"allow":["GET"]}}],"collection":[{"href":"https:\/\/dronesetoceans.com\/index.php\/wp-json\/wp\/v2\/pages"}],"about":[{"href":"https:\/\/dronesetoceans.com\/index.php\/wp-json\/wp\/v2\/types\/page"}],"author":[{"embeddable":true,"href":"https:\/\/dronesetoceans.com\/index.php\/wp-json\/wp\/v2\/users\/1"}],"replies":[{"embeddable":true,"href":"https:\/\/dronesetoceans.com\/index.php\/wp-json\/wp\/v2\/comments?post=10"}],"version-history":[{"count":12,"href":"https:\/\/dronesetoceans.com\/index.php\/wp-json\/wp\/v2\/pages\/10\/revisions"}],"predecessor-version":[{"id":259,"href":"https:\/\/dronesetoceans.com\/index.php\/wp-json\/wp\/v2\/pages\/10\/revisions\/259"}],"wp:attachment":[{"href":"https:\/\/dronesetoceans.com\/index.php\/wp-json\/wp\/v2\/media?parent=10"}],"curies":[{"name":"wp","href":"https:\/\/api.w.org\/{rel}","templated":true}]}}